{"id":2731,"date":"2025-03-24T14:54:25","date_gmt":"2025-03-24T13:54:25","guid":{"rendered":"https:\/\/www.cybreg.cz\/cookie-richtlinie\/"},"modified":"2025-11-09T13:02:32","modified_gmt":"2025-11-09T12:02:32","slug":"cookie-richtlinie","status":"publish","type":"page","link":"https:\/\/www.cybreg.cz\/de\/cookie-richtlinie\/","title":{"rendered":"Cookie-Richtlinie"},"content":{"rendered":"\n<h2 class=\"wp-block-heading\">WAS IST EIN KEKS?<\/h2>\n\n<p>Cookies sind kleine Datendateien, die viele Websites automatisch auf die Festplatte des Computers, Telefons oder Tablets eines Benutzers herunterladen. Sie werden haupts\u00e4chlich dazu verwendet, um Websites zu erkennen, die ein Benutzer bereits besucht hat, z. B. um den Anmeldevorgang f\u00fcr registrierte Benutzer zu vereinfachen. Sie k\u00f6nnen Kontoinformationen und Passw\u00f6rter speichern. Die meisten Webbrowser akzeptieren Cookies automatisch. Die Website <a href=\"https:\/\/www.cybreg.cz\/de\/\">www.cybreg.cz<\/a> (die<strong>\u201eWebsite<\/strong>\u201c) verwendet Cookies, um Ihre R\u00fcckkehr auf die Website zu erleichtern (weitere Einzelheiten zu den genauen Cookies und ihrem Zweck finden Sie unten).    <\/p>\n\n<p>Sie m\u00fcssen keine Cookies akzeptieren, dies kann jedoch die Funktionalit\u00e4t der Website einschr\u00e4nken. Wenn Sie Cookies ablehnen m\u00f6chten, lesen Sie bitte die Informationen in der Dokumentation Ihres Browsers, um zu erfahren, wie Sie die automatische Download-Funktion deaktivieren k\u00f6nnen. Weitere Informationen zu Cookies, einschlie\u00dflich Anweisungen zum Einstellen Ihres Browsers, finden Sie unter <a href=\"https:\/\/www.allaboutcookies.org\/\" target=\"_blank\" rel=\"noreferrer noopener\">https:\/\/www.allaboutcookies.org<\/a>.  <\/p>\n\n<h2 class=\"wp-block-heading\">WELCHE COOKIES WERDEN AUF DER WEBSITE VERWENDET UND ZU WELCHEM ZWECK?<\/h2>\n\n<p>Websites k\u00f6nnen eine Reihe verschiedener Cookies verwenden, um die Benutzererfahrung zu verbessern und uns zu helfen, herauszufinden, was beliebt ist:<\/p>\n\n<p><strong>Cookies f\u00fcr eine einzelne Sitzung.<\/strong>  Diese erm\u00f6glichen es der Website, Ihre Bewegungen von Seite zu Seite zu verfolgen, um sicherzustellen, dass Sie nicht nach denselben Informationen gefragt werden, die Sie bereits beim Besuch der Website angegeben haben. Cookies erm\u00f6glichen es Ihnen, schnell und einfach auf der Website zu navigieren, ohne dass Sie sich bei jedem neuen Bereich, den Sie besuchen, neu authentifizieren oder anmelden m\u00fcssen. Wir k\u00f6nnen Cookies verwenden, um das Benutzerverhalten zu analysieren, z. B. welche Seiten w\u00e4hrend einer Sitzung besucht wurden, um Ihr Gesamterlebnis zu verbessern, z. B. indem wir relevantere Inhalte identifizieren und anzeigen k\u00f6nnen.  <\/p>\n\n<p><strong>Cookies Erinnern Sie sich an mich.<\/strong>  Diese Cookies erm\u00f6glichen es der Website, sich an Ihre pers\u00f6nlichen Pr\u00e4ferenzen zu erinnern, wie z.B. an Ihre Anmeldedaten, um Ihre Benutzerfreundlichkeit zu verbessern, z.B. um zu verhindern, dass Sie diese Daten bei jedem Besuch der Website erneut eingeben m\u00fcssen.<\/p>\n\n<p><strong>Cookies Meine Sprache merken<\/strong>. Diese Cookies erm\u00f6glichen es der Website, Ihre Sprachpr\u00e4ferenzen f\u00fcr zuk\u00fcnftige Besuche zu speichern und Ihre Benutzerfreundlichkeit zu verbessern. Dar\u00fcber hinaus legt dieses Cookie die Sprache fest, in der nicht-inhaltliche Aspekte von E-Mails, die Sie von der Website erhalten, angezeigt werden.  <\/p>\n\n<p><strong>Dauerhafte Cookies.<\/strong>  Diese Cookies erm\u00f6glichen es uns, Informationen wie die Anzahl der Besucher auf der Website und die besuchten Seiten zu sammeln, um das Nutzerverhalten zu analysieren. Diese Informationen werden in anonymer Form gesammelt und mit \u00e4hnlichen, von anderen Nutzern gesammelten Informationen verglichen, damit wir Berichte erstellen k\u00f6nnen, um das Nutzererlebnis weiterzuentwickeln und zu verbessern, zum Beispiel durch die Anzeige personalisierter und relevanterer Inhalte. <\/p>\n\n<h2 class=\"wp-block-heading\">WIE LANGE BLEIBEN DIE COOKIES AUF MEINEM COMPUTER?<\/h2>\n\n<p>Wenn wir sie verwenden, verbleiben die Cookies im Cookie-Ordner Ihres Browsers, nachdem Sie ihn geschlossen haben, und sind wieder aktiv, wenn Sie die Website erneut \u00f6ffnen, bis sie gel\u00f6scht werden. Sie k\u00f6nnen Cookies jederzeit l\u00f6schen. In der Zeit, in der Sie die Website nicht besuchen, sammeln die Cookies keine Informationen.  <\/p>\n\n<h2 class=\"wp-block-heading\">COOKIES VON DRITTEN<\/h2>\n\n<p>Sitzungs- und dauerhafte Cookies werden in unserem Auftrag von einem vertrauensw\u00fcrdigen Drittanbieter bereitgestellt, um uns bei der Erfassung des Nutzerverhaltens auf der Website zu unterst\u00fctzen. Dieses Verhalten wird analysiert, um die Benutzerfreundlichkeit zu verbessern. Die gesammelten Informationen werden nicht mit personenbezogenen Daten verkn\u00fcpft. Wir nutzen au\u00dferdem Google Analytics zur Analyse der Website-Nutzung. Google Analytics generiert mithilfe von Cookies, die von den Webbrowsern der Nutzer auf deren Computern gespeichert werden, statistische und andere Informationen zur Website-Nutzung. Die generierten Informationen werden verwendet, um Berichte \u00fcber die Nutzung unserer Website zu erstellen. Google speichert diese Informationen und gew\u00e4hrt uns Zugriff darauf. Die Datenschutzbestimmungen von Google finden Sie unter <a href=\"https:\/\/www.google.com\/privacypolicy.html\" target=\"_blank\" rel=\"noreferrer noopener\">https:\/\/www.google.com\/privacypolicy.html<\/a>.      <\/p>\n","protected":false},"excerpt":{"rendered":"<p>WAS IST EIN KEKS? Cookies sind kleine Datendateien, die viele Websites automatisch auf die Festplatte des Computers, Telefons oder Tablets eines Benutzers herunterladen. Sie werden haupts\u00e4chlich dazu verwendet, um Websites zu erkennen, die ein Benutzer bereits besucht hat, z. B. um den Anmeldevorgang f\u00fcr registrierte Benutzer zu vereinfachen. Sie k\u00f6nnen Kontoinformationen und Passw\u00f6rter speichern. Die [&hellip;]<\/p>\n","protected":false},"author":3,"featured_media":0,"parent":0,"menu_order":0,"comment_status":"closed","ping_status":"closed","template":"","meta":{"inline_featured_image":false,"footnotes":""},"class_list":["post-2731","page","type-page","status-publish","hentry"],"_links":{"self":[{"href":"https:\/\/www.cybreg.cz\/de\/wp-json\/wp\/v2\/pages\/2731","targetHints":{"allow":["GET"]}}],"collection":[{"href":"https:\/\/www.cybreg.cz\/de\/wp-json\/wp\/v2\/pages"}],"about":[{"href":"https:\/\/www.cybreg.cz\/de\/wp-json\/wp\/v2\/types\/page"}],"author":[{"embeddable":true,"href":"https:\/\/www.cybreg.cz\/de\/wp-json\/wp\/v2\/users\/3"}],"replies":[{"embeddable":true,"href":"https:\/\/www.cybreg.cz\/de\/wp-json\/wp\/v2\/comments?post=2731"}],"version-history":[{"count":8,"href":"https:\/\/www.cybreg.cz\/de\/wp-json\/wp\/v2\/pages\/2731\/revisions"}],"predecessor-version":[{"id":3325,"href":"https:\/\/www.cybreg.cz\/de\/wp-json\/wp\/v2\/pages\/2731\/revisions\/3325"}],"wp:attachment":[{"href":"https:\/\/www.cybreg.cz\/de\/wp-json\/wp\/v2\/media?parent=2731"}],"curies":[{"name":"wp","href":"https:\/\/api.w.org\/{rel}","templated":true}]}}