{"id":4389,"date":"2025-03-24T14:50:12","date_gmt":"2025-03-24T13:50:12","guid":{"rendered":"https:\/\/www.cybreg.cz\/datenschutzbestimmungen\/"},"modified":"2026-04-17T22:39:39","modified_gmt":"2026-04-17T20:39:39","slug":"datenschutzbestimmungen","status":"publish","type":"page","link":"https:\/\/www.cybreg.cz\/de\/datenschutzbestimmungen\/","title":{"rendered":"Datenschutzbestimmungen"},"content":{"rendered":"\n<p>Diese Datenschutzrichtlinie (&#8222;Richtlinie&#8220;) beschreibt, wie <strong>cybreg <\/strong>die Informationen, die Sie uns zur Verf\u00fcgung stellen, und die Informationen, die wir beim Betrieb unseres Unternehmens und unserer Website sammeln, sammelt, verwendet und weitergibt.<\/p>\n\n<p>Wenn wir uns auf <strong> <strong>cybreg<\/strong><\/strong> beziehen oder &#8222;wir&#8220;\/&#8220;uns&#8220;\/&#8220;unser&#8220; in dieser Richtlinie verwenden, meinen wir<strong> cybreg Ltd.<\/strong><\/p>\n\n<p>Wir k\u00f6nnen diese Richtlinie jederzeit \u00e4ndern, indem wir diese Seite modifizieren. Wir empfehlen Ihnen, diese Seite von Zeit zu Zeit zu besuchen, um alle \u00c4nderungen zu \u00fcberpr\u00fcfen, die wir vornehmen, da diese f\u00fcr Sie verbindlich sind. <\/p>\n\n<h3 class=\"wp-block-heading\">Diese Richtlinie beschreibt:<\/h3>\n\n<p><strong>Informationen, die wir sammeln<\/strong><\/p>\n\n<p><strong>Wie wir die von uns gesammelten Informationen verwenden<\/strong><\/p>\n\n<p><strong>Wie wir Informationen mit Dritten teilen<\/strong><\/p>\n\n<p><strong>Speicherung Ihrer Daten und Sicherung Ihrer Daten<\/strong><\/p>\n\n<p><strong>Ihre Wahlm\u00f6glichkeiten und Rechte<\/strong><\/p>\n\n<p><strong>Cookies<\/strong><\/p>\n\n<p><strong>Wie Sie uns kontaktieren k\u00f6nnen und andere wichtige Informationen<\/strong><\/p>\n\n<h2 class=\"wp-block-heading\">Die Informationen, die wir sammeln und woher wir sie bekommen<\/h2>\n\n<p><strong>&#8222;Pers\u00f6nliche Daten<\/strong>&#8220; sind alle Informationen, die dazu verwendet werden k\u00f6nnen, Sie zu identifizieren oder die wir mit Ihnen in Verbindung bringen k\u00f6nnen und die sich in unserem Besitz oder unter unserer Kontrolle befinden.<\/p>\n\n<p>Wir sammeln und verarbeiten die folgenden pers\u00f6nlichen Daten \u00fcber Sie:<\/p>\n\n<h2 class=\"wp-block-heading\">Informationen, die Sie uns zur Verf\u00fcgung stellen<\/h2>\n\n<p><strong>Wir verarbeiten die personenbezogenen Daten, die Sie uns zur Verf\u00fcgung stellen, auch wenn Sie uns eine E-Mail senden oder uns \u00fcber verschiedene Kan\u00e4le kontaktieren, auf folgende Weise:<\/strong><\/p>\n\n<p><strong>Abonnement von Diensten auf unserer Website<\/strong>: Wenn Sie sich f\u00fcr Newsletter oder Flottenbl\u00e4tter anmelden, sich f\u00fcr eine Veranstaltung registrieren, juristische Dienstleistungen anbieten oder sich mit Fragen an uns wenden oder auf unsere Mitteilungen antworten, k\u00f6nnen die von Ihnen bereitgestellten personenbezogenen Daten Ihren vollst\u00e4ndigen Namen, Ihren Titel, Ihre Telefonnummer, Ihre E-Mail-Adresse und deren Inhalt, das Datum und die Uhrzeit Ihrer E-Mail-Korrespondenz sowie Informationen \u00fcber Ihren Arbeitgeber oder Ihr Unternehmen umfassen.<\/p>\n\n<p><strong>Im Zusammenhang mit der Erbringung von Rechtsdienstleistungen<\/strong>: Wenn Sie ein Mandant von cybreg sind, stellen Sie uns personenbezogene Daten zur Verf\u00fcgung, wenn Sie oder das Unternehmen, das Sie vertreten, ein Mandant werden. Wenn Sie kein Mandant von uns sind, k\u00f6nnen wir Ihre pers\u00f6nlichen Daten sammeln oder erhalten, weil Sie an einer unserer Mandantenangelegenheiten beteiligt sind. <\/p>\n\n<p><strong>Bewerbung um eine Stelle<\/strong>: Wenn Sie sich bei uns um eine Stelle bewerben, k\u00f6nnen Sie uns Ihren vollst\u00e4ndigen Namen, Ihr Geburtsdatum, Ihre Staatsangeh\u00f6rigkeit, Angaben zu Ihrer Ausbildung und Ihren Qualifikationen, Ihr Geschlecht, Ihren Lebenslauf, Ihr Foto, Ihre Reisepassdaten, Ihren Familienstand, Ihre Privatanschrift und Ihre Telefonnummer, Ihre Handynummer und andere in der Bewerbung angegebene Daten mitteilen.<\/p>\n\n<h2 class=\"wp-block-heading\">Informationen, die wir sonst \u00fcber Sie sammeln<\/h2>\n\n<p>Wir sammeln auch Informationen \u00fcber Ihre Nutzung unserer Dienste oder andere Interaktionen oder Kommunikationen mit Ihnen. Wir k\u00f6nnen verschiedene Technologien verwenden, um Informationen zu sammeln und zu speichern, wenn Sie unsere Website besuchen. So k\u00f6nnen wir beispielsweise Informationen \u00fcber die Art des Ger\u00e4ts, mit dem Sie auf unsere Website zugreifen, Ihre IP-Adresse und Ihren geografischen Standort, Ihr Betriebssystem und Ihre Version, Ihren Browsertyp, die von Ihnen angezeigten Inhalte, die Funktionen, auf die Sie auf unserer Website zugreifen, und die Webseiten und Begriffe, nach denen Sie auf unserer Website suchen, erfassen. Informationen dar\u00fcber, wie wir Cookies verwenden und welche M\u00f6glichkeiten Sie haben, finden Sie in unserer Cookie-Richtlinie.   <\/p>\n\n<h2 class=\"wp-block-heading\">Informationen, die wir aus anderen Quellen erhalten<\/h2>\n\n<p>Wenn Sie sich bei uns um eine Stelle bewerben, k\u00f6nnen wir pers\u00f6nliche Informationen \u00fcber Ihre fr\u00fchere Besch\u00e4ftigung, Ihre Qualifikationen und Ihre Ausbildung, Meinungen Dritter \u00fcber Sie, Ihre fr\u00fchere Besch\u00e4ftigungsgeschichte und andere Informationen \u00fcber Sie sammeln, die uns von einem Screening-Dienst Dritter zur Verf\u00fcgung gestellt werden.<\/p>\n\n<p>Wenn wir Ihre personenbezogenen Daten im Zusammenhang mit der Erbringung von Rechtsdienstleistungen erheben oder erhalten, k\u00f6nnen wir Informationen von Dritten wie Ihrem Arbeitgeber, anderen Parteien, die mit den von uns erbrachten Dienstleistungen in Verbindung stehen (z. B. Gegenparteien bei Transaktionen), und anderen Personen wie Aufsichtsbeh\u00f6rden und Beh\u00f6rden erhalten. Diese Informationen k\u00f6nnen Ihren Namen, Kontaktinformationen, Besch\u00e4ftigungsinformationen und andere Informationen umfassen, die f\u00fcr die juristischen Dienstleistungen, die wir f\u00fcr unseren Mandanten erbringen, relevant sind. <\/p>\n\n<h2 class=\"wp-block-heading\">Wie wir die von uns gesammelten Informationen verwenden<\/h2>\n\n<h3 class=\"wp-block-heading\">Wir k\u00f6nnen Ihre pers\u00f6nlichen Daten auf die folgende Weise verwenden:<\/h3>\n\n<ol class=\"wp-block-list\">\n<li>um dem betreffenden Mandanten Rechtsdienstleistungen zu erbringen;<\/li>\n\n\n\n<li>f\u00fcr Marketing- und Gesch\u00e4ftsaktivit\u00e4ten in Verbindung mit unseren juristischen Dienstleistungen. Dazu kann die Zusendung von Newslettern, Flottenbl\u00e4ttern, juristischen Nachrichten, Marketingmitteilungen und anderen Informationen geh\u00f6ren, die f\u00fcr Sie von Interesse sein k\u00f6nnten; <\/li>\n\n\n\n<li>wenn Sie sich bei uns um eine Stelle beworben haben, um Ihre Bewerbung zu pr\u00fcfen und zu bearbeiten;<\/li>\n\n\n\n<li>um die gesetzlichen und regulatorischen Verpflichtungen zu erf\u00fcllen, die wir einhalten m\u00fcssen;<\/li>\n\n\n\n<li>um unsere gesetzlichen Rechte zu begr\u00fcnden, auszu\u00fcben oder zu sch\u00fctzen oder f\u00fcr die Zwecke von Gerichtsverfahren;<\/li>\n\n\n\n<li>um Ihre Nutzung unserer Website oder unserer anderen Online-Dienste f\u00fcr unsere gesch\u00e4ftlichen Zwecke aufzuzeichnen und zu \u00fcberwachen, wozu die Analyse der Nutzung, die Messung der Leistung der Website und die Erstellung von Marketingmitteilungen geh\u00f6ren k\u00f6nnen;<\/li>\n\n\n\n<li>sie f\u00fcr unsere legitimen Gesch\u00e4ftsinteressen zu verwenden, wie z.B. f\u00fcr die Durchf\u00fchrung von Gesch\u00e4ftsforschung und -analysen, die Verwaltung des Betriebs unserer Website und unseres Gesch\u00e4fts;<\/li>\n\n\n\n<li>um Ihre Beschwerden oder Fragen zu untersuchen und<\/li>\n\n\n\n<li>um tats\u00e4chlichen oder potenziellen Betrug oder illegale Aktivit\u00e4ten zu verhindern und darauf zu reagieren.<\/li>\n<\/ol>\n\n<p>Wir sind auch berechtigt, Statistiken zu sammeln, zu verarbeiten und weiterzugeben, die auf der Zusammenfassung der von uns verwalteten Informationen beruhen, vorausgesetzt, dass aus der daraus resultierenden Analyse keine Einzelperson identifiziert werden kann und dass die Sammlung, Verarbeitung und Weitergabe solcher Informationen gesetzlich zul\u00e4ssig ist.<\/p>\n\n<h2 class=\"wp-block-heading\">Gr\u00fcnde f\u00fcr die Verwendung Ihrer pers\u00f6nlichen Daten<\/h2>\n\n<p><strong>Wir st\u00fctzen uns auf die folgenden rechtlichen Gr\u00fcnde f\u00fcr die Verarbeitung Ihrer personenbezogenen Daten:<\/strong><\/p>\n\n<p><strong>Zustimmung<\/strong> &#8211; Wir ben\u00f6tigen m\u00f6glicherweise (aber normalerweise nicht) Ihre Zustimmung zur Verwendung Ihrer pers\u00f6nlichen Daten. Sie k\u00f6nnen Ihre Zustimmung widerrufen, indem Sie sich mit uns in Verbindung setzen (siehe unten). <\/p>\n\n<p><strong>Vertragserf\u00fcllung<\/strong> &#8211; Es kann sein, dass wir Ihre personenbezogenen Daten erfassen und verwenden m\u00fcssen, um einen Vertrag mit Ihnen zu schlie\u00dfen oder unsere Verpflichtungen aus einem Vertrag zu erf\u00fcllen.<\/p>\n\n<p><strong>Legitimes Interesse<\/strong> &#8211; wir k\u00f6nnen Ihre pers\u00f6nlichen Daten f\u00fcr unsere legitimen Interessen verwenden, Beispiele hierf\u00fcr sind oben aufgef\u00fchrt.<\/p>\n\n<p><strong>Einhaltung von Gesetzen oder Vorschriften<\/strong> &#8211; Wir k\u00f6nnen Ihre pers\u00f6nlichen Daten verwenden, wenn dies zur Einhaltung der geltenden Gesetze\/Vorschriften erforderlich ist.<\/p>\n\n<h2 class=\"wp-block-heading\">Wie wir Informationen mit Dritten teilen<\/h2>\n\n<p><strong>Wir k\u00f6nnen Ihre pers\u00f6nlichen Daten auch au\u00dferhalb unseres Unternehmens weitergeben, unter anderem:<\/strong><\/p>\n\n<ol class=\"wp-block-list\">\n<li>Dritte Vertreter\/Lieferanten oder Auftragnehmer, die im Zusammenhang mit der Verarbeitung Ihrer personenbezogenen Daten f\u00fcr die in dieser Richtlinie beschriebenen Zwecke zur Vertraulichkeit verpflichtet sind. Dazu k\u00f6nnen unter anderem IT- und Kommunikationsdienstleister geh\u00f6ren. <\/li>\n\n\n\n<li>Dritte, die mit den von uns erbrachten Rechtsdienstleistungen in Verbindung stehen. Dazu k\u00f6nnen unter anderem Gegenparteien bei Transaktionen, Rechtsstreitigkeiten oder anderen Auseinandersetzungen, andere Anbieter professioneller Dienstleistungen, Aufsichtsbeh\u00f6rden, Regierungsbeh\u00f6rden und B\u00f6rsen geh\u00f6ren. <\/li>\n\n\n\n<li>In dem Ma\u00dfe, in dem dies durch Gesetze, Vorschriften oder Gerichtsbeschl\u00fcsse erforderlich ist, z. B. wenn wir Ihre pers\u00f6nlichen Daten offenlegen m\u00fcssen, um einer rechtlichen Verpflichtung nachzukommen.<\/li>\n<\/ol>\n\n<p><strong>Sollten wir Ihre personenbezogenen Daten jemals au\u00dferhalb Europas weitergeben, werden wir sicherstellen, dass sie in einer Weise gesch\u00fctzt und weitergegeben werden, die mit den f\u00fcr diese Daten geltenden gesetzlichen Bestimmungen \u00fcbereinstimmt.<\/strong> <strong>Dies kann auf verschiedene Weise geschehen, z.B:<\/strong><\/p>\n\n<ol class=\"wp-block-list\">\n<li>das Land, in das wir personenbezogene Daten senden, kann von der Europ\u00e4ischen Kommission genehmigt werden;<\/li>\n\n\n\n<li>der Empf\u00e4nger hat m\u00f6glicherweise einen Vertrag auf der Grundlage der von der Europ\u00e4ischen Kommission genehmigten &#8222;Standardvertragsklauseln&#8220; unterzeichnet, der ihn zum Schutz Ihrer personenbezogenen Daten verpflichtet;<\/li>\n\n\n\n<li>f\u00fcr einen US-Empf\u00e4nger ein zertifiziertes Mitglied des EU-US-Datenschutzschilds sein kann; oder<\/li>\n\n\n\n<li>Unter anderen Umst\u00e4nden kann uns das Gesetz erlauben, Ihre personenbezogenen Daten auf andere Weise au\u00dferhalb Europas zu \u00fcbermitteln. In allen F\u00e4llen erfolgt die \u00dcbermittlung Ihrer personenbezogenen Daten jedoch in \u00dcbereinstimmung mit den geltenden Datenschutzgesetzen. <\/li>\n<\/ol>\n\n<p>Wenn Sie weitere Einzelheiten zum Schutz Ihrer personenbezogenen Daten bei der \u00dcbermittlung au\u00dferhalb Europas (einschlie\u00dflich Muster-Standardvertragsklauseln) erfahren m\u00f6chten, kontaktieren Sie uns bitte unter den unten angegebenen Kontaktdaten.<\/p>\n\n<h2 class=\"wp-block-heading\">Sicherheit f\u00fcr Ihre Daten und Informationen<\/h2>\n\n<p><strong>Wie lange wir Ihre pers\u00f6nlichen Daten aufbewahren, ist unterschiedlich und h\u00e4ngt in erster Linie davon ab:<\/strong><\/p>\n\n<ol class=\"wp-block-list\">\n<li><strong>den Zweck, f\u00fcr den<\/strong> wir Ihre pers\u00f6nlichen Daten verwenden &#8211; wir sind verpflichtet, die Informationen so lange aufzubewahren, wie es f\u00fcr den jeweiligen Zweck erforderlich ist; und<\/li>\n\n\n\n<li><strong>Gesetzliche Verpflichtungen<\/strong> &#8211; Gesetze oder Vorschriften k\u00f6nnen einen Mindestzeitraum festlegen, f\u00fcr den wir Ihre personenbezogenen Daten aufbewahren m\u00fcssen.<\/li>\n<\/ol>\n\n<p>Wir stellen sicher, dass die von uns gespeicherten pers\u00f6nlichen Daten angemessenen Sicherheitsma\u00dfnahmen unterliegen.<\/p>\n\n<h2 class=\"wp-block-heading\">Ihre Wahlm\u00f6glichkeiten und Rechte<\/h2>\n\n<p>Sie haben eine Reihe von gesetzlichen Rechten in Bezug auf die pers\u00f6nlichen Daten, die wir \u00fcber Sie gespeichert haben, die Sie aus\u00fcben k\u00f6nnen, indem Sie sich mit uns in Verbindung setzen. <strong>Diese Rechte umfassen<\/strong>:<\/p>\n\n<ol class=\"wp-block-list\">\n<li>Informieren Sie sich \u00fcber die Verarbeitung Ihrer pers\u00f6nlichen Daten und erhalten Sie Zugang zu den pers\u00f6nlichen Daten, die wir \u00fcber Sie gespeichert haben.<\/li>\n\n\n\n<li>Bitte beachten Sie, dass es Situationen geben kann, in denen wir berechtigt sind, einen Antrag auf Zugang zu Kopien von personenbezogenen Daten abzulehnen. Insbesondere Informationen, die unter das Anwaltsgeheimnis fallen, werden nur an unseren Kunden und mit dessen Zustimmung weitergegeben. <\/li>\n\n\n\n<li>Eine Anfrage zur Korrektur Ihrer pers\u00f6nlichen Daten, wenn diese ungenau oder unvollst\u00e4ndig sind.<\/li>\n\n\n\n<li>unter bestimmten Umst\u00e4nden die L\u00f6schung Ihrer pers\u00f6nlichen Daten zu verlangen. Bitte beachten Sie, dass es Situationen geben kann, in denen Sie uns bitten, Ihre pers\u00f6nlichen Daten zu l\u00f6schen, wir aber gesetzlich berechtigt sind, sie aufzubewahren. <\/li>\n\n\n\n<li>Einspruch erheben und verlangen, dass wir die Verarbeitung Ihrer personenbezogenen Daten unter bestimmten Umst\u00e4nden einschr\u00e4nken. Auch hier kann es Situationen geben, in denen Sie Widerspruch einlegen oder uns bitten, die Verarbeitung Ihrer personenbezogenen Daten einzuschr\u00e4nken, aber wir sind rechtlich dazu berechtigt, diese Bitte abzulehnen. <\/li>\n\n\n\n<li>unter bestimmten Umst\u00e4nden bestimmte personenbezogene Daten in einem strukturierten, allgemein verwendeten und maschinenlesbaren Format zu erhalten und\/oder zu verlangen, dass wir diese Daten an einen Dritten \u00fcbertragen, sofern dies technisch m\u00f6glich ist. Bitte beachten Sie, dass dieses Recht nur f\u00fcr personenbezogene Daten gilt, die Sie uns zur Verf\u00fcgung gestellt haben. <\/li>\n\n\n\n<li>Widerruf Ihrer Einwilligung, obwohl wir unter bestimmten Umst\u00e4nden berechtigt sein k\u00f6nnen, die Verarbeitung ohne Ihre Einwilligung fortzusetzen, wenn wir einen legitimen Grund (au\u00dfer der Einwilligung) daf\u00fcr haben.<\/li>\n\n\n\n<li>Einreichung einer Beschwerde bei der zust\u00e4ndigen Datenschutzbeh\u00f6rde, wenn Sie glauben, dass wir eines Ihrer Rechte verletzt haben.<\/li>\n\n\n\n<li>Auf Anfrage teilen wir Ihnen mit, welche Datenschutzbeh\u00f6rde f\u00fcr die Verarbeitung Ihrer pers\u00f6nlichen Daten zust\u00e4ndig ist.<\/li>\n<\/ol>\n\n<h2 class=\"wp-block-heading\">Cookies<\/h2>\n\n<p>Bitte klicken Sie auf den folgenden Link, um Informationen \u00fcber unsere Cookie-Richtlinie zu erhalten.<\/p>\n\n<h2 class=\"wp-block-heading\">Wie Sie uns kontaktieren k\u00f6nnen und andere wichtige Informationen<\/h2>\n\n<p>Wenn Sie weitere Informationen \u00fcber die Erhebung, Verwendung, Weitergabe, \u00dcbertragung oder Verarbeitung Ihrer pers\u00f6nlichen Daten w\u00fcnschen oder eines der oben genannten Rechte aus\u00fcben m\u00f6chten, wenden Sie sich bitte an uns. Sie k\u00f6nnen dies tun, indem Sie schreiben an:   <a href=\"mailto:support@cybreg.cz\"><\/a><a href=\"mailto:support@cybreg.cz\">support@cybreg.cz.<\/a><\/p>\n\n<p><\/p>\n","protected":false},"excerpt":{"rendered":"<p>Diese Datenschutzrichtlinie (&#8222;Richtlinie&#8220;) beschreibt, wie cybreg die Informationen, die Sie uns zur Verf\u00fcgung stellen, und die Informationen, die wir beim Betrieb unseres Unternehmens und unserer Website sammeln, sammelt, verwendet und weitergibt. Wenn wir uns auf cybreg beziehen oder &#8222;wir&#8220;\/&#8220;uns&#8220;\/&#8220;unser&#8220; in dieser Richtlinie verwenden, meinen wir cybreg Ltd. Wir k\u00f6nnen diese Richtlinie jederzeit \u00e4ndern, indem wir [&hellip;]<\/p>\n","protected":false},"author":3,"featured_media":0,"parent":0,"menu_order":0,"comment_status":"closed","ping_status":"closed","template":"","meta":{"inline_featured_image":false,"footnotes":""},"class_list":["post-4389","page","type-page","status-publish","hentry"],"_links":{"self":[{"href":"https:\/\/www.cybreg.cz\/de\/wp-json\/wp\/v2\/pages\/4389","targetHints":{"allow":["GET"]}}],"collection":[{"href":"https:\/\/www.cybreg.cz\/de\/wp-json\/wp\/v2\/pages"}],"about":[{"href":"https:\/\/www.cybreg.cz\/de\/wp-json\/wp\/v2\/types\/page"}],"author":[{"embeddable":true,"href":"https:\/\/www.cybreg.cz\/de\/wp-json\/wp\/v2\/users\/3"}],"replies":[{"embeddable":true,"href":"https:\/\/www.cybreg.cz\/de\/wp-json\/wp\/v2\/comments?post=4389"}],"version-history":[{"count":1,"href":"https:\/\/www.cybreg.cz\/de\/wp-json\/wp\/v2\/pages\/4389\/revisions"}],"predecessor-version":[{"id":4390,"href":"https:\/\/www.cybreg.cz\/de\/wp-json\/wp\/v2\/pages\/4389\/revisions\/4390"}],"wp:attachment":[{"href":"https:\/\/www.cybreg.cz\/de\/wp-json\/wp\/v2\/media?parent=4389"}],"curies":[{"name":"wp","href":"https:\/\/api.w.org\/{rel}","templated":true}]}}